{"id":238,"date":"2026-03-12T19:56:33","date_gmt":"2026-03-12T19:56:33","guid":{"rendered":"https:\/\/transportesacc.com\/fr-FR\/?page_id=238"},"modified":"2026-03-12T19:56:34","modified_gmt":"2026-03-12T19:56:34","slug":"politique-de-cookies","status":"publish","type":"page","link":"https:\/\/transportesacc.com\/fr-FR\/politique-de-cookies\/","title":{"rendered":"Politique de cookies"},"content":{"rendered":"\n[et_pb_section fb_built=\u00a0\u00bb1&Prime; _builder_version=\u00a0\u00bb4.27.5&Prime; _module_preset=\u00a0\u00bbdefault\u00a0\u00bb global_colors_info=\u00a0\u00bb{}\u00a0\u00bb][et_pb_row _builder_version=\u00a0\u00bb4.27.5&Prime; _module_preset=\u00a0\u00bbdefault\u00a0\u00bb global_colors_info=\u00a0\u00bb{}\u00a0\u00bb][et_pb_column type=\u00a0\u00bb4_4&Prime; _builder_version=\u00a0\u00bb4.27.5&Prime; _module_preset=\u00a0\u00bbdefault\u00a0\u00bb global_colors_info=\u00a0\u00bb{}\u00a0\u00bb][et_pb_text _builder_version=\u00a0\u00bb4.27.6&Prime; _module_preset=\u00a0\u00bb94fa2ee4-6b60-4d0b-b837-7f0ceae12b87&Prime; header_font=\u00a0\u00bbArchivo|300|||||||\u00a0\u00bb header_text_color=\u00a0\u00bb#0F1154&Prime; header_font_size=\u00a0\u00bb28px\u00a0\u00bb header_line_height=\u00a0\u00bb110%\u00a0\u00bb text_font_size_tablet=\u00a0\u00bb\u00a0\u00bb text_font_size_phone=\u00a0\u00bb14px\u00a0\u00bb text_font_size_last_edited=\u00a0\u00bbon|phone\u00a0\u00bb header_text_align_tablet=\u00a0\u00bb\u00a0\u00bb header_text_align_phone=\u00a0\u00bbcenter\u00a0\u00bb header_text_align_last_edited=\u00a0\u00bbon|phone\u00a0\u00bb header_font_size_tablet=\u00a0\u00bb60px\u00a0\u00bb header_font_size_phone=\u00a0\u00bb30px\u00a0\u00bb header_font_size_last_edited=\u00a0\u00bbon|phone\u00a0\u00bb header_2_font_size_tablet=\u00a0\u00bb30px\u00a0\u00bb header_2_font_size_phone=\u00a0\u00bb20px\u00a0\u00bb header_2_font_size_last_edited=\u00a0\u00bboff|desktop\u00a0\u00bb text_orientation_tablet=\u00a0\u00bbcenter\u00a0\u00bb text_orientation_phone=\u00a0\u00bbcenter\u00a0\u00bb text_orientation_last_edited=\u00a0\u00bbon|tablet\u00a0\u00bb locked=\u00a0\u00bboff\u00a0\u00bb global_colors_info=\u00a0\u00bb{}\u00a0\u00bb]<h1><span style=\"color: #5b5b5b;\">Politique de cookies<\/span><\/h1>[\/et_pb_text][et_pb_divider color=\u00a0\u00bb#d6222f\u00a0\u00bb divider_weight=\u00a0\u00bb2px\u00a0\u00bb _builder_version=\u00a0\u00bb4.27.6&Prime; _module_preset=\u00a0\u00bbdefault\u00a0\u00bb max_width=\u00a0\u00bb30%\u00a0\u00bb global_colors_info=\u00a0\u00bb{}\u00a0\u00bb][\/et_pb_divider][et_pb_text _builder_version=\u00a0\u00bb4.27.6&Prime; _module_preset=\u00a0\u00bbff518096-fd45-48c0-8edd-f1c449eb99fb\u00a0\u00bb text_font=\u00a0\u00bbArchivo|300|||||||\u00a0\u00bb text_text_color=\u00a0\u00bb#7e7e7e\u00a0\u00bb text_font_size=\u00a0\u00bb16px\u00a0\u00bb text_line_height=\u00a0\u00bb180%\u00a0\u00bb header_4_font=\u00a0\u00bbArchivo|300|||||||\u00a0\u00bb header_4_text_color=\u00a0\u00bb#757575&Prime; header_4_font_size=\u00a0\u00bb16px\u00a0\u00bb header_4_line_height=\u00a0\u00bb1.5em\u00a0\u00bb text_orientation=\u00a0\u00bbcenter\u00a0\u00bb text_font_size_tablet=\u00a0\u00bb15px\u00a0\u00bb text_font_size_phone=\u00a0\u00bb13px\u00a0\u00bb text_font_size_last_edited=\u00a0\u00bbon|desktop\u00a0\u00bb locked=\u00a0\u00bboff\u00a0\u00bb global_colors_info=\u00a0\u00bb{}\u00a0\u00bb]<p style=\"text-align: left;\">Politique de cookies<\/p>\n<p style=\"text-align: left;\">Derni\u00e8re mise \u00e0 jour : 18\/02\/2026.<\/p>\n<p style=\"text-align: left;\">Nous utilisons des cookies et des technologies similaires afin que le site fonctionne, pour m\u00e9moriser vos pr\u00e9f\u00e9rences, analyser l\u2019utilisation et, si vous y consentez, vous montrer du contenu et de la publicit\u00e9 personnalis\u00e9s dans de futures campagnes publicitaires.<\/p>\n<p style=\"text-align: left;\">Cette politique explique comment et pourquoi nous le faisons, conform\u00e9ment \u00e0 l\u2019art. 22.2 de la LSSI et au RGPD actuellement en vigueur.<\/p>[\/et_pb_text][et_pb_accordion toggle_icon=\u00a0\u00bb&#x3f;||divi||400&Prime; icon_color=\u00a0\u00bb#d6222f\u00a0\u00bb use_icon_font_size=\u00a0\u00bbon\u00a0\u00bb icon_font_size=\u00a0\u00bb22px\u00a0\u00bb _builder_version=\u00a0\u00bb4.27.6&Prime; _module_preset=\u00a0\u00bbdefault\u00a0\u00bb toggle_font=\u00a0\u00bbArchivo|300|||||||\u00a0\u00bb body_font=\u00a0\u00bbArchivo|200|||||||\u00a0\u00bb body_font_size=\u00a0\u00bb15px\u00a0\u00bb global_colors_info=\u00a0\u00bb{}\u00a0\u00bb][et_pb_accordion_item title=\u00a0\u00bb1. Qu\u2019est-ce qu\u2019un cookie?\u00a0\u00bb open=\u00a0\u00bbon\u00a0\u00bb _builder_version=\u00a0\u00bb4.27.6&Prime; _module_preset=\u00a0\u00bbdefault\u00a0\u00bb global_colors_info=\u00a0\u00bb{}\u00a0\u00bb]<p>Les cookies sont de petits fichiers stock\u00e9s sur votre appareil lorsque vous naviguez sur notre site web. Nous utilisons \u00e9galement des technologies similaires (comme localStorage, pixels ou SDK) \u00e0 des fins similaires.<\/p>[\/et_pb_accordion_item][et_pb_accordion_item title=\u00a0\u00bb2. Quels types de cookies utilisons-nous?\u00a0\u00bb _builder_version=\u00a0\u00bb4.27.6&Prime; _module_preset=\u00a0\u00bbdefault\u00a0\u00bb global_colors_info=\u00a0\u00bb{}\u00a0\u00bb open=\u00a0\u00bboff\u00a0\u00bb]<p>Selon qui les g\u00e8re<\/p>\n<p>Propres : envoy\u00e9s depuis transportesacc.com.<br \/>Tiers : envoy\u00e9s par des fournisseurs externes (analytique, publicit\u00e9, cartes, lecteurs, etc.).<\/p>\n<p>Selon leur finalit\u00e9<\/p>\n<p>Techniques ou n\u00e9cessaires : indispensables au fonctionnement du site (connexion, s\u00e9curit\u00e9, panier, formulaires).<br \/>Pr\u00e9f\u00e9rences ou personnalisation : m\u00e9morisent vos options (langue, r\u00e9gion).<br \/>Analytiques ou de mesure : nous aident \u00e0 comprendre l\u2019utilisation du site afin de l\u2019am\u00e9liorer.<br \/>Publicitaires\/comportementales : affichent des publicit\u00e9s li\u00e9es \u00e0 vos int\u00e9r\u00eats.<\/p>\n<p>Selon leur dur\u00e9e<\/p>\n<p>De session : supprim\u00e9s lorsque vous fermez le navigateur.<br \/>Persistants : restent pendant une p\u00e9riode d\u00e9finie.<\/p>\n<p>Les cookies techniques sont install\u00e9s par d\u00e9faut ; les autres uniquement avec votre consentement.<\/p>[\/et_pb_accordion_item][et_pb_accordion_item title=\u00a0\u00bb3. Qui installe des cookies sur ce site ?\u00a0\u00bb _builder_version=\u00a0\u00bb4.27.6&Prime; _module_preset=\u00a0\u00bbdefault\u00a0\u00bb global_colors_info=\u00a0\u00bb{}\u00a0\u00bb open=\u00a0\u00bboff\u00a0\u00bb]<p>Asesor\u00eda Comercio Comunitario | Transportes ACC, S. L.<\/p>\n<p>Cookies propres techniques et de pr\u00e9f\u00e9rence.<\/p>\n<p>Propres :<\/p>\n<p>cookie_consent<br \/>avec l\u2019objectif de m\u00e9moriser vos pr\u00e9f\u00e9rences de cookies.<\/p>\n<p>Google :<\/p>\n<p>Analytics 4 (GA4), Google Maps, etc.<\/p>\n<p>_ga, _git, _gad \/ ga*<br \/>dans le but de m\u00e9moriser ou limiter les sessions, statistiques d\u2019utilisation et mesures.<\/p>\n<p>Google Maps :<\/p>\n<p>contenu int\u00e9gr\u00e9.<\/p>\n<p>LinkedIn :<\/p>\n<p>R\u00e9seaux sociaux, remarketing, etc.<\/p>\n<p>Consultez les liens de confidentialit\u00e9 de chaque fournisseur sur leurs sites respectifs.<\/p>[\/et_pb_accordion_item][et_pb_accordion_item title=\u00a0\u00bb4. Comment donnons-nous et retirons-nous le consentement?\u00a0\u00bb _builder_version=\u00a0\u00bb4.27.6&Prime; _module_preset=\u00a0\u00bbdefault\u00a0\u00bb global_colors_info=\u00a0\u00bb{}\u00a0\u00bb open=\u00a0\u00bboff\u00a0\u00bb]<p>Lors de votre premi\u00e8re visite, nous affichons une banni\u00e8re vous permettant de :<\/p>\n<p>Accepter tous les cookies.<br \/>Refuser les cookies.<br \/>Lire notre politique de confidentialit\u00e9 afin de prendre une d\u00e9cision inform\u00e9e.<\/p>\n<p>Nous vous informons \u00e9galement que nous utilisons des cookies pour garantir la meilleure exp\u00e9rience d\u2019utilisation de notre site web et que l\u2019utilisateur accepte leur utilisation s\u2019il continue \u00e0 naviguer sans choisir d\u2019option.<\/p>\n<p>Vous pouvez modifier ou retirer votre consentement \u00e0 tout moment :<\/p>\n<p>\u2013 En nous le demandant directement (via le formulaire de contact de ce site web).<br \/>\u2013 Via les param\u00e8tres de votre navigateur.<br \/>\u2013 En refusant les cookies lors de votre prochaine visite lorsque la banni\u00e8re s\u2019affichera de nouveau.<\/p>[\/et_pb_accordion_item][et_pb_accordion_item title=\u00a0\u00bb5. Transferts internationaux\u00a0\u00bb _builder_version=\u00a0\u00bb4.27.6&Prime; _module_preset=\u00a0\u00bbdefault\u00a0\u00bb global_colors_info=\u00a0\u00bb{}\u00a0\u00bb open=\u00a0\u00bboff\u00a0\u00bb]<p>Certains fournisseurs (Google, Meta, etc.) peuvent effectuer des transferts hors de l\u2019EEE. Ils appliquent des garanties appropri\u00e9es (clauses contractuelles types et mesures compl\u00e9mentaires).<\/p>[\/et_pb_accordion_item][et_pb_accordion_item title=\u00a0\u00bb6. Conservation\u00a0\u00bb _builder_version=\u00a0\u00bb4.27.6&Prime; _module_preset=\u00a0\u00bbdefault\u00a0\u00bb global_colors_info=\u00a0\u00bb{}\u00a0\u00bb open=\u00a0\u00bboff\u00a0\u00bb]<p>Cookies de session : supprim\u00e9s \u00e0 la fermeture du navigateur.<br \/>Cookies persistants : conserv\u00e9s pendant la dur\u00e9e indiqu\u00e9e ci-dessus ou jusqu\u2019\u00e0 suppression ou retrait du consentement.<\/p>\n<p>Registre des consentements : nous conservons la preuve de votre choix pendant la dur\u00e9e l\u00e9galement requise.<\/p>[\/et_pb_accordion_item][et_pb_accordion_item title=\u00a0\u00bb7. Mises \u00e0 jour de la politique\u00a0\u00bb _builder_version=\u00a0\u00bb4.27.6&Prime; _module_preset=\u00a0\u00bbdefault\u00a0\u00bb global_colors_info=\u00a0\u00bb{}\u00a0\u00bb open=\u00a0\u00bboff\u00a0\u00bb]<p>Nous pouvons mettre \u00e0 jour cette politique de cookies en fonction de changements r\u00e9glementaires ou technologiques. Nous publierons la version en vigueur et sa date.<\/p>[\/et_pb_accordion_item][et_pb_accordion_item title=\u00a0\u00bb8. Contact\u00a0\u00bb title_tablet=\u00a0\u00bb8. Contact\u00a0\u00bb title_phone=\u00a0\u00bb8. Contact\u00a0\u00bb title_last_edited=\u00a0\u00bbon|desktop\u00a0\u00bb _builder_version=\u00a0\u00bb4.27.6&Prime; _module_preset=\u00a0\u00bbdefault\u00a0\u00bb global_colors_info=\u00a0\u00bb{}\u00a0\u00bb open=\u00a0\u00bboff\u00a0\u00bb]<p>Asesor\u00eda Comercio Comunitario | Transportes ACC, S. L.<br \/>Europa Kalea N\u00ba 6 | Zaisa I<br \/>20305 \u2013 Irun \/ Gipuzkoa \/ Spain<\/p>\n<p>T\u00e9l. (+34) 943 63 21 24<\/p>[\/et_pb_accordion_item][\/et_pb_accordion][\/et_pb_column][\/et_pb_row][\/et_pb_section]\n","protected":false},"excerpt":{"rendered":"<p>Politique de cookiesPolitique de cookies Derni\u00e8re mise \u00e0 jour : 18\/02\/2026. Nous utilisons des cookies et des technologies similaires afin que le site fonctionne, pour m\u00e9moriser vos pr\u00e9f\u00e9rences, analyser l\u2019utilisation et, si vous y consentez, vous montrer du contenu et de la publicit\u00e9 personnalis\u00e9s dans de futures campagnes publicitaires. Cette politique explique comment et pourquoi [&hellip;]<\/p>\n","protected":false},"author":1,"featured_media":0,"parent":0,"menu_order":0,"comment_status":"closed","ping_status":"closed","template":"","meta":{"_et_pb_use_builder":"on","_et_pb_old_content":"","_et_gb_content_width":"","footnotes":""},"class_list":["post-238","page","type-page","status-publish","hentry"],"yoast_head":"<!-- This site is optimized with the Yoast SEO plugin v27.4 - https:\/\/yoast.com\/product\/yoast-seo-wordpress\/ -->\n<title>Transports ACC<\/title>\n<meta name=\"description\" content=\"Politique de cookies.\" \/>\n<meta name=\"robots\" content=\"index, follow, max-snippet:-1, max-image-preview:large, max-video-preview:-1\" \/>\n<link rel=\"canonical\" href=\"https:\/\/transportesacc.com\/fr-FR\/politique-de-cookies\/\" \/>\n<meta property=\"og:locale\" content=\"fr_FR\" \/>\n<meta property=\"og:type\" content=\"article\" \/>\n<meta property=\"og:title\" content=\"Transports ACC\" \/>\n<meta property=\"og:description\" content=\"Politique de cookies.\" \/>\n<meta property=\"og:url\" content=\"https:\/\/transportesacc.com\/fr-FR\/politique-de-cookies\/\" \/>\n<meta property=\"og:site_name\" content=\"Transports ACC\" \/>\n<meta property=\"article:modified_time\" content=\"2026-03-12T19:56:34+00:00\" \/>\n<meta name=\"twitter:card\" content=\"summary_large_image\" \/>\n<meta name=\"twitter:label1\" content=\"Dur\u00e9e de lecture estim\u00e9e\" \/>\n\t<meta name=\"twitter:data1\" content=\"3 minutes\" \/>\n<script type=\"application\/ld+json\" class=\"yoast-schema-graph\">{\"@context\":\"https:\\\/\\\/schema.org\",\"@graph\":[{\"@type\":\"WebPage\",\"@id\":\"https:\\\/\\\/transportesacc.com\\\/fr-FR\\\/politique-de-cookies\\\/\",\"url\":\"https:\\\/\\\/transportesacc.com\\\/fr-FR\\\/politique-de-cookies\\\/\",\"name\":\"Transports ACC\",\"isPartOf\":{\"@id\":\"https:\\\/\\\/transportesacc.com\\\/fr-FR\\\/#website\"},\"datePublished\":\"2026-03-12T19:56:33+00:00\",\"dateModified\":\"2026-03-12T19:56:34+00:00\",\"description\":\"Politique de cookies.\",\"breadcrumb\":{\"@id\":\"https:\\\/\\\/transportesacc.com\\\/fr-FR\\\/politique-de-cookies\\\/#breadcrumb\"},\"inLanguage\":\"fr-FR\",\"potentialAction\":[{\"@type\":\"ReadAction\",\"target\":[\"https:\\\/\\\/transportesacc.com\\\/fr-FR\\\/politique-de-cookies\\\/\"]}]},{\"@type\":\"BreadcrumbList\",\"@id\":\"https:\\\/\\\/transportesacc.com\\\/fr-FR\\\/politique-de-cookies\\\/#breadcrumb\",\"itemListElement\":[{\"@type\":\"ListItem\",\"position\":1,\"name\":\"Portada\",\"item\":\"https:\\\/\\\/transportesacc.com\\\/fr-FR\\\/\"},{\"@type\":\"ListItem\",\"position\":2,\"name\":\"Politique de cookies\"}]},{\"@type\":\"WebSite\",\"@id\":\"https:\\\/\\\/transportesacc.com\\\/fr-FR\\\/#website\",\"url\":\"https:\\\/\\\/transportesacc.com\\\/fr-FR\\\/\",\"name\":\"Transports ACC\",\"description\":\"Logistique et transports internationaux\",\"potentialAction\":[{\"@type\":\"SearchAction\",\"target\":{\"@type\":\"EntryPoint\",\"urlTemplate\":\"https:\\\/\\\/transportesacc.com\\\/fr-FR\\\/?s={search_term_string}\"},\"query-input\":{\"@type\":\"PropertyValueSpecification\",\"valueRequired\":true,\"valueName\":\"search_term_string\"}}],\"inLanguage\":\"fr-FR\"}]}<\/script>\n<!-- \/ Yoast SEO plugin. -->","yoast_head_json":{"title":"Transports ACC","description":"Politique de cookies.","robots":{"index":"index","follow":"follow","max-snippet":"max-snippet:-1","max-image-preview":"max-image-preview:large","max-video-preview":"max-video-preview:-1"},"canonical":"https:\/\/transportesacc.com\/fr-FR\/politique-de-cookies\/","og_locale":"fr_FR","og_type":"article","og_title":"Transports ACC","og_description":"Politique de cookies.","og_url":"https:\/\/transportesacc.com\/fr-FR\/politique-de-cookies\/","og_site_name":"Transports ACC","article_modified_time":"2026-03-12T19:56:34+00:00","twitter_card":"summary_large_image","twitter_misc":{"Dur\u00e9e de lecture estim\u00e9e":"3 minutes"},"schema":{"@context":"https:\/\/schema.org","@graph":[{"@type":"WebPage","@id":"https:\/\/transportesacc.com\/fr-FR\/politique-de-cookies\/","url":"https:\/\/transportesacc.com\/fr-FR\/politique-de-cookies\/","name":"Transports ACC","isPartOf":{"@id":"https:\/\/transportesacc.com\/fr-FR\/#website"},"datePublished":"2026-03-12T19:56:33+00:00","dateModified":"2026-03-12T19:56:34+00:00","description":"Politique de cookies.","breadcrumb":{"@id":"https:\/\/transportesacc.com\/fr-FR\/politique-de-cookies\/#breadcrumb"},"inLanguage":"fr-FR","potentialAction":[{"@type":"ReadAction","target":["https:\/\/transportesacc.com\/fr-FR\/politique-de-cookies\/"]}]},{"@type":"BreadcrumbList","@id":"https:\/\/transportesacc.com\/fr-FR\/politique-de-cookies\/#breadcrumb","itemListElement":[{"@type":"ListItem","position":1,"name":"Portada","item":"https:\/\/transportesacc.com\/fr-FR\/"},{"@type":"ListItem","position":2,"name":"Politique de cookies"}]},{"@type":"WebSite","@id":"https:\/\/transportesacc.com\/fr-FR\/#website","url":"https:\/\/transportesacc.com\/fr-FR\/","name":"Transports ACC","description":"Logistique et transports internationaux","potentialAction":[{"@type":"SearchAction","target":{"@type":"EntryPoint","urlTemplate":"https:\/\/transportesacc.com\/fr-FR\/?s={search_term_string}"},"query-input":{"@type":"PropertyValueSpecification","valueRequired":true,"valueName":"search_term_string"}}],"inLanguage":"fr-FR"}]}},"_links":{"self":[{"href":"https:\/\/transportesacc.com\/fr-FR\/wp-json\/wp\/v2\/pages\/238","targetHints":{"allow":["GET"]}}],"collection":[{"href":"https:\/\/transportesacc.com\/fr-FR\/wp-json\/wp\/v2\/pages"}],"about":[{"href":"https:\/\/transportesacc.com\/fr-FR\/wp-json\/wp\/v2\/types\/page"}],"author":[{"embeddable":true,"href":"https:\/\/transportesacc.com\/fr-FR\/wp-json\/wp\/v2\/users\/1"}],"replies":[{"embeddable":true,"href":"https:\/\/transportesacc.com\/fr-FR\/wp-json\/wp\/v2\/comments?post=238"}],"version-history":[{"count":7,"href":"https:\/\/transportesacc.com\/fr-FR\/wp-json\/wp\/v2\/pages\/238\/revisions"}],"predecessor-version":[{"id":268,"href":"https:\/\/transportesacc.com\/fr-FR\/wp-json\/wp\/v2\/pages\/238\/revisions\/268"}],"wp:attachment":[{"href":"https:\/\/transportesacc.com\/fr-FR\/wp-json\/wp\/v2\/media?parent=238"}],"curies":[{"name":"wp","href":"https:\/\/api.w.org\/{rel}","templated":true}]}}