{"id":228,"date":"2026-03-12T19:55:25","date_gmt":"2026-03-12T19:55:25","guid":{"rendered":"https:\/\/transportesacc.com\/fr-FR\/?page_id=228"},"modified":"2026-03-13T04:02:42","modified_gmt":"2026-03-13T04:02:42","slug":"politique-de-confidentialite","status":"publish","type":"page","link":"https:\/\/transportesacc.com\/fr-FR\/politique-de-confidentialite\/","title":{"rendered":"Politique de confidentialit\u00e9"},"content":{"rendered":"<p>[et_pb_section fb_built=\u00a0\u00bb1&Prime; custom_padding_last_edited=\u00a0\u00bbon|tablet\u00a0\u00bb admin_label=\u00a0\u00bbHeader\u00a0\u00bb _builder_version=\u00a0\u00bb4.27.5&Prime; _module_preset=\u00a0\u00bbdefault\u00a0\u00bb use_background_color_gradient=\u00a0\u00bbon\u00a0\u00bb background_color_gradient_direction=\u00a0\u00bb90deg\u00a0\u00bb background_color_gradient_stops=\u00a0\u00bb#f0f3fb 0%|rgba(240,243,251,0) 100%\u00a0\u00bb background_image=\u00a0\u00bbhttps:\/\/transportesacc.com\/wp-content\/uploads\/2025\/11\/transportation-services-05.png\u00a0\u00bb parallax=\u00a0\u00bbon\u00a0\u00bb parallax_method=\u00a0\u00bboff\u00a0\u00bb custom_padding=\u00a0\u00bb||0px||false|false\u00a0\u00bb custom_padding_tablet=\u00a0\u00bb||0px||false|false\u00a0\u00bb custom_padding_phone=\u00a0\u00bb||0px||false|false\u00a0\u00bb bottom_divider_flip=\u00a0\u00bbvertical\u00a0\u00bb background_last_edited=\u00a0\u00bbon|phone\u00a0\u00bb background_position_phone=\u00a0\u00bbbottom_center\u00a0\u00bb collapsed=\u00a0\u00bbon\u00a0\u00bb global_colors_info=\u00a0\u00bb{}\u00a0\u00bb][et_pb_row _builder_version=\u00a0\u00bb4.16.0&Prime; _module_preset=\u00a0\u00bbdefault\u00a0\u00bb custom_padding=\u00a0\u00bb||24px||false|false\u00a0\u00bb global_colors_info=\u00a0\u00bb{}\u00a0\u00bb][et_pb_column type=\u00a0\u00bb4_4&Prime; _builder_version=\u00a0\u00bb4.16.0&Prime; _module_preset=\u00a0\u00bbdefault\u00a0\u00bb global_colors_info=\u00a0\u00bb{}\u00a0\u00bb][et_pb_text _builder_version=\u00a0\u00bb4.27.5&Prime; _module_preset=\u00a0\u00bb94fa2ee4-6b60-4d0b-b837-7f0ceae12b87&Prime; header_font=\u00a0\u00bbArchivo|300|||||||\u00a0\u00bb header_text_color=\u00a0\u00bb#0F1154&Prime; header_font_size=\u00a0\u00bb28px\u00a0\u00bb header_line_height=\u00a0\u00bb110%\u00a0\u00bb text_font_size_tablet=\u00a0\u00bb\u00a0\u00bb text_font_size_phone=\u00a0\u00bb14px\u00a0\u00bb text_font_size_last_edited=\u00a0\u00bbon|phone\u00a0\u00bb header_text_align_tablet=\u00a0\u00bb\u00a0\u00bb header_text_align_phone=\u00a0\u00bbcenter\u00a0\u00bb header_text_align_last_edited=\u00a0\u00bbon|phone\u00a0\u00bb header_font_size_tablet=\u00a0\u00bb60px\u00a0\u00bb header_font_size_phone=\u00a0\u00bb30px\u00a0\u00bb header_font_size_last_edited=\u00a0\u00bbon|phone\u00a0\u00bb header_2_font_size_tablet=\u00a0\u00bb30px\u00a0\u00bb header_2_font_size_phone=\u00a0\u00bb20px\u00a0\u00bb header_2_font_size_last_edited=\u00a0\u00bboff|desktop\u00a0\u00bb text_orientation_tablet=\u00a0\u00bbcenter\u00a0\u00bb text_orientation_phone=\u00a0\u00bbcenter\u00a0\u00bb text_orientation_last_edited=\u00a0\u00bbon|tablet\u00a0\u00bb locked=\u00a0\u00bboff\u00a0\u00bb global_colors_info=\u00a0\u00bb{}\u00a0\u00bb]<\/p>\n<h1><span style=\"color: #5b5b5b;\">Politique de confidentialit\u00e9<\/span><\/h1>\n<p>[\/et_pb_text][et_pb_divider color=\u00a0\u00bb#d6222f\u00a0\u00bb divider_weight=\u00a0\u00bb2px\u00a0\u00bb _builder_version=\u00a0\u00bb4.27.6&Prime; _module_preset=\u00a0\u00bbdefault\u00a0\u00bb width=\u00a0\u00bb30%\u00a0\u00bb global_colors_info=\u00a0\u00bb{}\u00a0\u00bb][\/et_pb_divider][\/et_pb_column][\/et_pb_row][\/et_pb_section][et_pb_section fb_built=\u00a0\u00bb1&Prime; _builder_version=\u00a0\u00bb4.27.5&Prime; _module_preset=\u00a0\u00bbdefault\u00a0\u00bb global_colors_info=\u00a0\u00bb{}\u00a0\u00bb][et_pb_row _builder_version=\u00a0\u00bb4.27.5&Prime; _module_preset=\u00a0\u00bbdefault\u00a0\u00bb global_colors_info=\u00a0\u00bb{}\u00a0\u00bb][et_pb_column type=\u00a0\u00bb4_4&Prime; _builder_version=\u00a0\u00bb4.27.5&Prime; _module_preset=\u00a0\u00bbdefault\u00a0\u00bb global_colors_info=\u00a0\u00bb{}\u00a0\u00bb][et_pb_text _builder_version=\u00a0\u00bb4.27.6&Prime; _module_preset=\u00a0\u00bbff518096-fd45-48c0-8edd-f1c449eb99fb\u00a0\u00bb text_font=\u00a0\u00bbArchivo|300|||||||\u00a0\u00bb text_text_color=\u00a0\u00bb#7e7e7e\u00a0\u00bb text_font_size=\u00a0\u00bb16px\u00a0\u00bb text_line_height=\u00a0\u00bb180%\u00a0\u00bb header_4_font=\u00a0\u00bbArchivo|300|||||||\u00a0\u00bb header_4_text_color=\u00a0\u00bb#757575&Prime; header_4_font_size=\u00a0\u00bb16px\u00a0\u00bb header_4_line_height=\u00a0\u00bb1.5em\u00a0\u00bb text_orientation=\u00a0\u00bbcenter\u00a0\u00bb text_font_size_tablet=\u00a0\u00bb15px\u00a0\u00bb text_font_size_phone=\u00a0\u00bb13px\u00a0\u00bb text_font_size_last_edited=\u00a0\u00bbon|desktop\u00a0\u00bb locked=\u00a0\u00bboff\u00a0\u00bb global_colors_info=\u00a0\u00bb{}\u00a0\u00bb]<\/p>\n<p style=\"text-align: left;\">Derni\u00e8re mise \u00e0 jour : 19\/02\/2026.<\/p>\n<p style=\"text-align: left;\">Chez <strong><span style=\"color: #d6222f;\">TRANSPORTES ACC<\/span><\/strong>, nous nous engageons \u00e0 prot\u00e9ger votre vie priv\u00e9e.<\/p>\n<p style=\"text-align: left;\">La pr\u00e9sente politique de confidentialit\u00e9 explique comment nous traitons vos donn\u00e9es personnelles lorsque vous utilisez notre site web <a href=\"https:\/\/transportesacc.com\"><span style=\"color: #d6222f;\"><strong>https:\/\/transportesacc.com<\/strong><\/span><\/a>, les formulaires de contact et\/ou lors de la prestation de services.<\/p>\n<p style=\"text-align: left;\">R\u00e9glementation applicable : R\u00e8glement (UE) 2016\/679 (RGPD), Loi Organique 3\/2018 (LOPDGDD) et Loi 34\/2002 (LSSI).<\/p>\n<p>[\/et_pb_text][et_pb_accordion _builder_version=\u00a0\u00bb4.27.6&Prime; _module_preset=\u00a0\u00bbdefault\u00a0\u00bb toggle_font=\u00a0\u00bbArchivo|300|||||||\u00a0\u00bb body_font=\u00a0\u00bbArchivo|200|||||||\u00a0\u00bb body_font_size=\u00a0\u00bb15px\u00a0\u00bb hover_enabled=\u00a0\u00bb0&Prime; global_colors_info=\u00a0\u00bb{}\u00a0\u00bb icon_color=\u00a0\u00bb#d6222f\u00a0\u00bb use_icon_font_size=\u00a0\u00bbon\u00a0\u00bb icon_font_size=\u00a0\u00bb22px\u00a0\u00bb toggle_icon=\u00a0\u00bb&#x3f;||divi||400&Prime; sticky_enabled=\u00a0\u00bb0&Prime;][et_pb_accordion_item title=\u00a0\u00bb1. Champ d\u2019application\u00a0\u00bb _builder_version=\u00a0\u00bb4.27.6&Prime; _module_preset=\u00a0\u00bbdefault\u00a0\u00bb global_colors_info=\u00a0\u00bb{}\u00a0\u00bb open=\u00a0\u00bbon\u00a0\u00bb]<\/p>\n<p>Cette politique s\u2019applique \u00e0 l\u2019utilisation du pr\u00e9sent site web : transportesacc.com, aux sous-domaines et\/ou sous-r\u00e9pertoires d\u00e9riv\u00e9s de celui-ci (transportesacc.com\/en-GB\/ et transportesacc.com\/fr-FR\/), aux formulaires de contact, aux demandes de devis et\/ou aux contrats en ligne, aux communications par email, t\u00e9l\u00e9phone ou r\u00e9seaux sociaux officiels.<\/p>\n<p>[\/et_pb_accordion_item][et_pb_accordion_item title=\u00a0\u00bb2. Responsable du traitement\u00a0\u00bb _builder_version=\u00a0\u00bb4.27.6&Prime; _module_preset=\u00a0\u00bbdefault\u00a0\u00bb global_colors_info=\u00a0\u00bb{}\u00a0\u00bb open=\u00a0\u00bboff\u00a0\u00bb]<\/p>\n<p>Responsable : TRANSPORTES ACC, S. L. (Asesor\u00eda Comercio Comunitario).<br \/>CIF\/NIF : B20438339.<br \/>Adresse : C\/ Europa N\u00ba 6 | Zone Douani\u00e8re Zaisa I | 20305 Ir\u00fan; Guip\u00fazcoa | Espagne.<br \/>Email : \/ T\u00e9l. (+34) 943 63 21 24.<\/p>\n<p>[\/et_pb_accordion_item][et_pb_accordion_item title=\u00a0\u00bb3. Donn\u00e9es que nous traitons\u00a0\u00bb _builder_version=\u00a0\u00bb4.27.6&Prime; _module_preset=\u00a0\u00bbdefault\u00a0\u00bb global_colors_info=\u00a0\u00bb{}\u00a0\u00bb open=\u00a0\u00bboff\u00a0\u00bb]<\/p>\n<p>Selon la mani\u00e8re dont vous interagissez avec nous, nous pouvons traiter :<\/p>\n<p>\u2013 Identification et contact : nom, pr\u00e9nom, entreprise, NIF, email, t\u00e9l\u00e9phone, adresse postale.<br \/>\u2013 Donn\u00e9es d\u2019exp\u00e9dition\/logistique : donn\u00e9es de l\u2019exp\u00e9diteur et du destinataire, adresses de collecte\/livraison, r\u00e9f\u00e9rences d\u2019exp\u00e9dition, incidents.<br \/>\u2013 Communications et incidents : demandes, r\u00e9clamations, etc. pouvant \u00eatre communiqu\u00e9es via nos formulaires, boutons et\/ou liens d\u2019appel, etc.<br \/>\u2013 Marketing et abonnements : pr\u00e9f\u00e9rences, abonnements, activit\u00e9 dans les emails (ouvertures\/clics).<br \/>\u2013 Communications et incidents : demandes, r\u00e9clamations, enregistrement d\u2019appels (si information pr\u00e9alable), tickets de support.<br \/>\u2013 Donn\u00e9es de navigation : adresse IP, identifiants de cookies, appareil, navigateur, pages visit\u00e9es (plus de d\u00e9tails dans la Politique de Cookies).<br \/>\u2013 Ressources humaines : CV et donn\u00e9es professionnelles (si vous nous contactez pour demander un emploi).<\/p>\n<p>Origine des donn\u00e9es :<\/p>\n<p>\u2013 Vous ou votre entreprise nous les fournissez.<br \/>\u2013 G\u00e9n\u00e9r\u00e9es par l\u2019utilisation de nos services.<\/p>\n<p>Dans le cas o\u00f9 vous fournissez des donn\u00e9es de tiers (par exemple, destinataires d\u2019exp\u00e9ditions), vous garantissez les avoir inform\u00e9s et, lorsque cela est n\u00e9cessaire, disposer de leur consentement \u00e0 cet effet.<\/p>\n<p>[\/et_pb_accordion_item][et_pb_accordion_item title=\u00a0\u00bb4. Finalit\u00e9s du traitement\u00a0\u00bb _builder_version=\u00a0\u00bb4.27.6&Prime; _module_preset=\u00a0\u00bbdefault\u00a0\u00bb global_colors_info=\u00a0\u00bb{}\u00a0\u00bb open=\u00a0\u00bboff\u00a0\u00bb]<\/p>\n<ul>\n<li>G\u00e9rer les demandes d\u2019information, devis, collectes, exp\u00e9ditions et suivi.<\/li>\n<li>Fournir le service de transport, de logistique et d\u2019assistance client.\u00a0<\/li>\n<li>Facturation, paiements, comptabilit\u00e9 et obligations fiscales.\u00a0<\/li>\n<li>Gestion des incidents, sinistres et r\u00e9clamations.\u00a0<\/li>\n<li>Envoi de communications li\u00e9es au service.\u00a0<\/li>\n<li>Envoi de communications commerciales sur des services similaires (si vous \u00eates client, int\u00e9r\u00eat l\u00e9gitime ; sinon, sous consentement).\u00a0<\/li>\n<li>Analyse de l\u2019utilisation du site web et am\u00e9lioration des services et de la s\u00e9curit\u00e9.\u00a0<\/li>\n<li>Pr\u00e9vention de la fraude et s\u00e9curit\u00e9 du r\u00e9seau.\u00a0<\/li>\n<li>Processus de recrutement si vous nous envoyez votre candidature.<\/li>\n<\/ul>\n<p>[\/et_pb_accordion_item][et_pb_accordion_item title=\u00a0\u00bb5. Base juridique\u00a0\u00bb _builder_version=\u00a0\u00bb4.27.6&Prime; _module_preset=\u00a0\u00bbdefault\u00a0\u00bb global_colors_info=\u00a0\u00bb{}\u00a0\u00bb open=\u00a0\u00bboff\u00a0\u00bb]<\/p>\n<ul>\n<li>Ex\u00e9cution d\u2019un contrat ou mesures pr\u00e9contractuelles : gestion des services, comptes, devis.\u00a0<\/li>\n<li>Obligation l\u00e9gale : facturation, fiscalit\u00e9, r\u00e9ponse aux demandes des autorit\u00e9s comp\u00e9tentes.\u00a0<\/li>\n<li>Int\u00e9r\u00eat l\u00e9gitime : s\u00e9curit\u00e9, pr\u00e9vention de la fraude, am\u00e9lioration du service, communications commerciales aux clients sur des services similaires (art. 21.2 LSSI), et gestion des r\u00e9clamations.\u00a0<\/li>\n<li>Consentement : abonnement aux communications commerciales et\/ou informations suppl\u00e9mentaires, utilisation de cookies non techniques, g\u00e9olocalisation.<\/li>\n<\/ul>\n<p>Vous pouvez retirer votre consentement \u00e0 tout moment sans affecter la lic\u00e9it\u00e9 du traitement effectu\u00e9 auparavant.<\/p>\n<p>[\/et_pb_accordion_item][et_pb_accordion_item title=\u00a0\u00bb6. Destinataires des donn\u00e9es\u00a0\u00bb _builder_version=\u00a0\u00bb4.27.6&Prime; _module_preset=\u00a0\u00bbdefault\u00a0\u00bb global_colors_info=\u00a0\u00bb{}\u00a0\u00bb open=\u00a0\u00bboff\u00a0\u00bb]<\/p>\n<ul>\n<li>Fournisseurs agissant en tant que sous-traitants : h\u00e9bergement web et cloud, CRM\/ERP, support technique, analyse, outils de support ou de communication comme les gestionnaires d\u2019email, logistique collaboratrice sous contrat et services de cybers\u00e9curit\u00e9.\u00a0<\/li>\n<li>Administrations publiques et forces de s\u00e9curit\u00e9 lorsqu\u2019il existe une obligation l\u00e9gale.\u00a0<\/li>\n<li>Entreprises de transport collaboratrices pour la bonne ex\u00e9cution du service (lorsque cela est n\u00e9cessaire).\u00a0<\/li>\n<\/ul>\n<p>[\/et_pb_accordion_item][et_pb_accordion_item title=\u00a0\u00bb7. Dur\u00e9es de conservation\u00a0\u00bb _builder_version=\u00a0\u00bb4.27.6&Prime; _module_preset=\u00a0\u00bbdefault\u00a0\u00bb global_colors_info=\u00a0\u00bb{}\u00a0\u00bb open=\u00a0\u00bboff\u00a0\u00bb]<\/p>\n<ul>\n<li>\u2013 Relation contractuelle et facturation : pendant la relation et, apr\u00e8s sa fin, pendant les d\u00e9lais l\u00e9gaux (par exemple, 6 ans comptables\/fiscaux).\u00a0<\/li>\n<li>Support et incidents : jusqu\u2019\u00e0 5 ans pour r\u00e9pondre \u00e0 d\u2019\u00e9ventuelles r\u00e9clamations.<\/li>\n<li>Marketing : jusqu\u2019\u00e0 ce que vous retiriez votre consentement ou vous opposiez \u00e0 l\u2019int\u00e9r\u00eat l\u00e9gitime.<\/li>\n<li>Donn\u00e9es de navigation et cookies : selon ce qui est indiqu\u00e9 dans la Politique de Cookies.<\/li>\n<\/ul>\n<p>[\/et_pb_accordion_item][et_pb_accordion_item title=\u00a0\u00bb8. Droits des personnes\u00a0\u00bb _builder_version=\u00a0\u00bb4.27.6&Prime; _module_preset=\u00a0\u00bbdefault\u00a0\u00bb global_colors_info=\u00a0\u00bb{}\u00a0\u00bb open=\u00a0\u00bboff\u00a0\u00bb]<\/p>\n<p>Vous pouvez exercer vos droits d\u2019acc\u00e8s, rectification, suppression, opposition et limitation du traitement, portabilit\u00e9 des donn\u00e9es, retrait du consentement et droit de ne pas faire l\u2019objet de d\u00e9cisions automatis\u00e9es, y compris le profilage.<\/p>\n<p>Comment les exercer :<\/p>\n<p>Envoyez une demande au SERVICE CLIENT ACC :<\/p>\n<p>TRANSPORTES ACC<br \/>Europa Kalea N\u00ba 6<br \/>20305 Irun, Gipuzkoa<\/p>\n<p>En indiquant \u00ab Protection des Donn\u00e9es \u00bb et en joignant un document prouvant votre identit\u00e9.<\/p>\n<p>R\u00e9clamations : si vous n\u2019\u00eates pas satisfait, vous pouvez d\u00e9poser une r\u00e9clamation aupr\u00e8s de l\u2019autorit\u00e9 de contr\u00f4le comp\u00e9tente.<\/p>\n<p>[\/et_pb_accordion_item][et_pb_accordion_item title=\u00a0\u00bb9. Mineurs\u00a0\u00bb _builder_version=\u00a0\u00bb4.27.6&Prime; _module_preset=\u00a0\u00bbdefault\u00a0\u00bb global_colors_info=\u00a0\u00bb{}\u00a0\u00bb open=\u00a0\u00bboff\u00a0\u00bb]<\/p>\n<p>Nous ne destinons pas nos services aux mineurs de moins de 14 ans. Si nous d\u00e9tectons des donn\u00e9es de mineurs sans autorisation, nous les supprimerons.<\/p>\n<p>[\/et_pb_accordion_item][et_pb_accordion_item title=\u00a0\u00bb10. S\u00e9curit\u00e9\u00a0\u00bb _builder_version=\u00a0\u00bb4.27.6&Prime; _module_preset=\u00a0\u00bbdefault\u00a0\u00bb global_colors_info=\u00a0\u00bb{}\u00a0\u00bb open=\u00a0\u00bboff\u00a0\u00bb]<\/p>\n<p>Nous appliquons des mesures techniques et organisationnelles appropri\u00e9es pour prot\u00e9ger vos donn\u00e9es contre les acc\u00e8s non autoris\u00e9s, la perte, l\u2019alt\u00e9ration ou la divulgation.<\/p>\n<p>[\/et_pb_accordion_item][et_pb_accordion_item title=\u00a0\u00bb11. R\u00e9seaux sociaux\u00a0\u00bb _builder_version=\u00a0\u00bb4.27.6&Prime; _module_preset=\u00a0\u00bbdefault\u00a0\u00bb global_colors_info=\u00a0\u00bb{}\u00a0\u00bb open=\u00a0\u00bboff\u00a0\u00bb]<\/p>\n<p>Nous disposons de profils sur LinkedIn et Facebook (les donn\u00e9es trait\u00e9es en tant que followers sont r\u00e9gies par cette politique et par les conditions de chaque plateforme).<\/p>\n<p>[\/et_pb_accordion_item][et_pb_accordion_item title=\u00a0\u00bb12. Modifications de la politique\u00a0\u00bb _builder_version=\u00a0\u00bb4.27.6&Prime; _module_preset=\u00a0\u00bbdefault\u00a0\u00bb global_colors_info=\u00a0\u00bb{}\u00a0\u00bb open=\u00a0\u00bboff\u00a0\u00bb]<\/p>\n<p>Nous pouvons mettre \u00e0 jour cette politique afin de refl\u00e9ter des changements l\u00e9gaux ou de traitement. Nous publierons la version en vigueur et sa date de mise \u00e0 jour.<\/p>\n<p>[\/et_pb_accordion_item][\/et_pb_accordion][\/et_pb_column][\/et_pb_row][\/et_pb_section]<\/p>\n","protected":false},"excerpt":{"rendered":"<p>Politique de confidentialit\u00e9Derni\u00e8re mise \u00e0 jour : 19\/02\/2026. Chez TRANSPORTES ACC, nous nous engageons \u00e0 prot\u00e9ger votre vie priv\u00e9e. La pr\u00e9sente politique de confidentialit\u00e9 explique comment nous traitons vos donn\u00e9es personnelles lorsque vous utilisez notre site web https:\/\/transportesacc.com, les formulaires de contact et\/ou lors de la prestation de services. R\u00e9glementation applicable : R\u00e8glement (UE) 2016\/679 [&hellip;]<\/p>\n","protected":false},"author":1,"featured_media":0,"parent":0,"menu_order":0,"comment_status":"closed","ping_status":"closed","template":"","meta":{"_et_pb_use_builder":"on","_et_pb_old_content":"","_et_gb_content_width":"","footnotes":""},"class_list":["post-228","page","type-page","status-publish","hentry"],"yoast_head":"<!-- This site is optimized with the Yoast SEO plugin v27.4 - https:\/\/yoast.com\/product\/yoast-seo-wordpress\/ -->\n<title>Transports ACC<\/title>\n<meta name=\"description\" content=\"Politique de confidentialit\u00e9\" \/>\n<meta name=\"robots\" content=\"index, follow, max-snippet:-1, max-image-preview:large, max-video-preview:-1\" \/>\n<link rel=\"canonical\" href=\"https:\/\/transportesacc.com\/fr-FR\/politique-de-confidentialite\/\" \/>\n<meta property=\"og:locale\" content=\"fr_FR\" \/>\n<meta property=\"og:type\" content=\"article\" \/>\n<meta property=\"og:title\" content=\"Transports ACC\" \/>\n<meta property=\"og:description\" content=\"Politique de confidentialit\u00e9\" \/>\n<meta property=\"og:url\" content=\"https:\/\/transportesacc.com\/fr-FR\/politique-de-confidentialite\/\" \/>\n<meta property=\"og:site_name\" content=\"Transports ACC\" \/>\n<meta property=\"article:modified_time\" content=\"2026-03-13T04:02:42+00:00\" \/>\n<meta name=\"twitter:card\" content=\"summary_large_image\" \/>\n<meta name=\"twitter:label1\" content=\"Dur\u00e9e de lecture estim\u00e9e\" \/>\n\t<meta name=\"twitter:data1\" content=\"5 minutes\" \/>\n<script type=\"application\/ld+json\" class=\"yoast-schema-graph\">{\"@context\":\"https:\\\/\\\/schema.org\",\"@graph\":[{\"@type\":\"WebPage\",\"@id\":\"https:\\\/\\\/transportesacc.com\\\/fr-FR\\\/politique-de-confidentialite\\\/\",\"url\":\"https:\\\/\\\/transportesacc.com\\\/fr-FR\\\/politique-de-confidentialite\\\/\",\"name\":\"Transports ACC\",\"isPartOf\":{\"@id\":\"https:\\\/\\\/transportesacc.com\\\/fr-FR\\\/#website\"},\"datePublished\":\"2026-03-12T19:55:25+00:00\",\"dateModified\":\"2026-03-13T04:02:42+00:00\",\"description\":\"Politique de confidentialit\u00e9\",\"breadcrumb\":{\"@id\":\"https:\\\/\\\/transportesacc.com\\\/fr-FR\\\/politique-de-confidentialite\\\/#breadcrumb\"},\"inLanguage\":\"fr-FR\",\"potentialAction\":[{\"@type\":\"ReadAction\",\"target\":[\"https:\\\/\\\/transportesacc.com\\\/fr-FR\\\/politique-de-confidentialite\\\/\"]}]},{\"@type\":\"BreadcrumbList\",\"@id\":\"https:\\\/\\\/transportesacc.com\\\/fr-FR\\\/politique-de-confidentialite\\\/#breadcrumb\",\"itemListElement\":[{\"@type\":\"ListItem\",\"position\":1,\"name\":\"Portada\",\"item\":\"https:\\\/\\\/transportesacc.com\\\/fr-FR\\\/\"},{\"@type\":\"ListItem\",\"position\":2,\"name\":\"Politique de confidentialit\u00e9\"}]},{\"@type\":\"WebSite\",\"@id\":\"https:\\\/\\\/transportesacc.com\\\/fr-FR\\\/#website\",\"url\":\"https:\\\/\\\/transportesacc.com\\\/fr-FR\\\/\",\"name\":\"Transports ACC\",\"description\":\"Logistique et transports internationaux\",\"potentialAction\":[{\"@type\":\"SearchAction\",\"target\":{\"@type\":\"EntryPoint\",\"urlTemplate\":\"https:\\\/\\\/transportesacc.com\\\/fr-FR\\\/?s={search_term_string}\"},\"query-input\":{\"@type\":\"PropertyValueSpecification\",\"valueRequired\":true,\"valueName\":\"search_term_string\"}}],\"inLanguage\":\"fr-FR\"}]}<\/script>\n<!-- \/ Yoast SEO plugin. -->","yoast_head_json":{"title":"Transports ACC","description":"Politique de confidentialit\u00e9","robots":{"index":"index","follow":"follow","max-snippet":"max-snippet:-1","max-image-preview":"max-image-preview:large","max-video-preview":"max-video-preview:-1"},"canonical":"https:\/\/transportesacc.com\/fr-FR\/politique-de-confidentialite\/","og_locale":"fr_FR","og_type":"article","og_title":"Transports ACC","og_description":"Politique de confidentialit\u00e9","og_url":"https:\/\/transportesacc.com\/fr-FR\/politique-de-confidentialite\/","og_site_name":"Transports ACC","article_modified_time":"2026-03-13T04:02:42+00:00","twitter_card":"summary_large_image","twitter_misc":{"Dur\u00e9e de lecture estim\u00e9e":"5 minutes"},"schema":{"@context":"https:\/\/schema.org","@graph":[{"@type":"WebPage","@id":"https:\/\/transportesacc.com\/fr-FR\/politique-de-confidentialite\/","url":"https:\/\/transportesacc.com\/fr-FR\/politique-de-confidentialite\/","name":"Transports ACC","isPartOf":{"@id":"https:\/\/transportesacc.com\/fr-FR\/#website"},"datePublished":"2026-03-12T19:55:25+00:00","dateModified":"2026-03-13T04:02:42+00:00","description":"Politique de confidentialit\u00e9","breadcrumb":{"@id":"https:\/\/transportesacc.com\/fr-FR\/politique-de-confidentialite\/#breadcrumb"},"inLanguage":"fr-FR","potentialAction":[{"@type":"ReadAction","target":["https:\/\/transportesacc.com\/fr-FR\/politique-de-confidentialite\/"]}]},{"@type":"BreadcrumbList","@id":"https:\/\/transportesacc.com\/fr-FR\/politique-de-confidentialite\/#breadcrumb","itemListElement":[{"@type":"ListItem","position":1,"name":"Portada","item":"https:\/\/transportesacc.com\/fr-FR\/"},{"@type":"ListItem","position":2,"name":"Politique de confidentialit\u00e9"}]},{"@type":"WebSite","@id":"https:\/\/transportesacc.com\/fr-FR\/#website","url":"https:\/\/transportesacc.com\/fr-FR\/","name":"Transports ACC","description":"Logistique et transports internationaux","potentialAction":[{"@type":"SearchAction","target":{"@type":"EntryPoint","urlTemplate":"https:\/\/transportesacc.com\/fr-FR\/?s={search_term_string}"},"query-input":{"@type":"PropertyValueSpecification","valueRequired":true,"valueName":"search_term_string"}}],"inLanguage":"fr-FR"}]}},"_links":{"self":[{"href":"https:\/\/transportesacc.com\/fr-FR\/wp-json\/wp\/v2\/pages\/228","targetHints":{"allow":["GET"]}}],"collection":[{"href":"https:\/\/transportesacc.com\/fr-FR\/wp-json\/wp\/v2\/pages"}],"about":[{"href":"https:\/\/transportesacc.com\/fr-FR\/wp-json\/wp\/v2\/types\/page"}],"author":[{"embeddable":true,"href":"https:\/\/transportesacc.com\/fr-FR\/wp-json\/wp\/v2\/users\/1"}],"replies":[{"embeddable":true,"href":"https:\/\/transportesacc.com\/fr-FR\/wp-json\/wp\/v2\/comments?post=228"}],"version-history":[{"count":9,"href":"https:\/\/transportesacc.com\/fr-FR\/wp-json\/wp\/v2\/pages\/228\/revisions"}],"predecessor-version":[{"id":362906,"href":"https:\/\/transportesacc.com\/fr-FR\/wp-json\/wp\/v2\/pages\/228\/revisions\/362906"}],"wp:attachment":[{"href":"https:\/\/transportesacc.com\/fr-FR\/wp-json\/wp\/v2\/media?parent=228"}],"curies":[{"name":"wp","href":"https:\/\/api.w.org\/{rel}","templated":true}]}}